{"id":2211,"date":"2022-04-26T12:39:23","date_gmt":"2022-04-26T09:39:23","guid":{"rendered":"https:\/\/botekcorp.com\/hizmetler\/harita-ve-cevre-danismanlik-hizmetleri\/"},"modified":"2022-06-17T16:44:34","modified_gmt":"2022-06-17T13:44:34","slug":"harita-ve-cevre-danismanlik-hizmetleri","status":"publish","type":"page","link":"https:\/\/botekcorp.com\/tr\/hizmetler\/harita-ve-cevre-danismanlik-hizmetleri\/","title":{"rendered":"Harita ve \u00c7evre Dan\u0131\u015fmanl\u0131k Hizmetleri"},"content":{"rendered":"<section id=\"bt_bb_section69e23779075c7\" class=\"bt_bb_section bt_bb_layout_boxed_1200 bt_bb_vertical_align_top bt_bb_top_spacing_100\" style=\";background-color:#eeeeee;\" data-bt-override-class=\"null\"><div class=\"bt_bb_port\"><div class=\"bt_bb_cell\"><div class=\"bt_bb_cell_inner\"><div class=\"bt_bb_row  bt_bb_column_gap_0\" style=\" background-color: rgba(255, 255, 255, 1);\" data-bt-override-class=\"{}\"><div class=\"bt_bb_row_holder\" ><div  class=\"bt_bb_column col-xxl-6 col-xl-6 bt_bb_vertical_align_middle bt_bb_align_left bt_bb_padding_50 bt_bb_animation_fade_in animate\"  data-width=\"6\" data-bt-override-class=\"{}\"><div class=\"bt_bb_column_content\"><div class=\"bt_bb_column_content_inner\"><div class=\"bt_bb_separator bt_bb_border_style_none bt_bb_top_spacing_ bt_bb_bottom_spacing_small\" data-bt-override-class=\"{&quot;bt_bb_top_spacing_&quot;:{&quot;current_class&quot;:&quot;bt_bb_top_spacing_&quot;,&quot;xxl&quot;:&quot;&quot;,&quot;xl&quot;:&quot;&quot;},&quot;bt_bb_bottom_spacing_&quot;:{&quot;current_class&quot;:&quot;bt_bb_bottom_spacing_small&quot;,&quot;xxl&quot;:&quot;small&quot;,&quot;xl&quot;:&quot;small&quot;}}\"><\/div><div  class=\"bt_bb_text\" ><div>\u2022 Yersel Haritaland\u0131rma<\/div>\n<div>\u2022 Havasal Haritaland\u0131rma<\/div>\n<div>\u2022 Batimetrik Haritaland\u0131rma<\/div>\n<div>\u2022 Co\u011frafi Bilgi Sistemleri (CBS) Haritalama<\/div>\n<div>\u2022 \u00c7evresel Etki Beyanlar\u0131 ve De\u011ferlendirmeleri<\/div>\n<div>\u2022 \u00c7evre Y\u00f6netim Planlar\u0131<\/div>\n<div>\u2022 Zemin Et\u00fcd\u00fc ve Risk De\u011ferlendirmesi<\/div>\n<div>\u2022 Jeolojik ve Jeoteknik Et\u00fctler ve Yeralt\u0131 \u0130ncelemeleri<\/div>\n<div>\u2022 Yeralt\u0131 Suyu Modelleme ve \u0130zleme<\/div>\n<div>\u2022 Su ve At\u0131ksu Ar\u0131tma Sistemleri<\/div>\n<div>\u2022 Kat\u0131 ve Tehlikeli At\u0131k Y\u00f6netim Tasar\u0131m\u0131<\/div>\n<div>\u2022 End\u00fcstriyel Hijyen ve G\u00fcvenlik Uyumlulu\u011fu<\/div>\n<\/div><div class=\"bt_bb_separator bt_bb_border_style_none bt_bb_bottom_spacing_medium bt_bb_hidden_md bt_bb_hidden_lg\" data-bt-override-class=\"null\"><\/div><\/div><\/div><\/div><div  class=\"bt_bb_column col-xxl-6 col-xl-6 bt_bb_vertical_align_top bt_bb_align_left bt_bb_padding_0 bt_bb_animation_fade_in animate\"  data-width=\"6\" data-bt-override-class=\"{}\"><div class=\"bt_bb_column_content\"><div class=\"bt_bb_column_content_inner\"><div class=\"bt_bb_slider bt_bb_height_keep-height bt_bb_animation_fade animate bt_bb_overflow_no bt_bb_active_dot_accent bt_bb_inactive_dot_light_font bt_bb_slider_arrows_dark_font_light_bg\"><div class=\"slick-slider fade\"  data-slick='{ \"lazyLoad\": \"progressive\", \"cssEase\": \"ease-out\", \"speed\": \"300\", \"fade\": true, \"prevArrow\": \"&lt;button type=\\\"button\\\" class=\\\"slick-prev\\\" aria-label=\\\"\u00d6nceki\\\" tabindex=\\\"0\\\" role=\\\"button\\\"&gt;&lt;\/button&gt;\", \"nextArrow\": \"&lt;button type=\\\"button\\\" class=\\\"slick-next\\\" aria-label=\\\"Sonraki\\\" tabindex=\\\"0\\\" role=\\\"button\\\"&gt;&lt;\/button&gt;\", \"autoplay\": true, \"autoplaySpeed\": 2000}' ><div class=\"bt_bb_slider_item\" data-src-full=\"https:\/\/botekcorp.com\/wp-content\/uploads\/2022\/04\/pexels-tamil-vanan-4966809.jpg\"><img decoding=\"async\" src=\"https:\/\/botekcorp.com\/wp-content\/uploads\/2022\/04\/pexels-tamil-vanan-4966809-1280x1280.jpg\" alt=\"pexels-tamil-vanan-4966809\"  title=\"pexels-tamil-vanan-4966809\"><\/div><div class=\"bt_bb_slider_item\" data-src-full=\"https:\/\/botekcorp.com\/wp-content\/uploads\/2022\/04\/scott-blake-x-ghf9LjrVg-unsplash.jpg\"><img decoding=\"async\" src=\"https:\/\/botekcorp.com\/wp-content\/uploads\/2022\/04\/scott-blake-x-ghf9LjrVg-unsplash-1280x1280.jpg\" alt=\"scott-blake-x-ghf9LjrVg-unsplash\"  title=\"scott-blake-x-ghf9LjrVg-unsplash\"><\/div><div class=\"bt_bb_slider_item\" data-src-full=\"https:\/\/botekcorp.com\/wp-content\/uploads\/2022\/04\/mark-potterton-sNVkn3507Oo-unsplash.jpg\"><img decoding=\"async\" src=\"https:\/\/botekcorp.com\/wp-content\/uploads\/2022\/04\/mark-potterton-sNVkn3507Oo-unsplash-1280x1280.jpg\" alt=\"mark-potterton-sNVkn3507Oo-unsplash\"  title=\"mark-potterton-sNVkn3507Oo-unsplash\"><\/div><\/div><\/div><\/div><\/div><\/div><\/div><\/div><\/div><!-- cell_inner --><\/div><!-- cell --><\/div><!-- port --><\/section><section id=\"bt_bb_section69e2377908456\" class=\"bt_bb_section bt_bb_layout_boxed_1200 bt_bb_vertical_align_top bt_bb_top_spacing_35 bt_bb_bottom_spacing_35\" style=\";background-color:#eeeeee;\" data-bt-override-class=\"{&quot;bt_bb_top_spacing_&quot;:{&quot;current_class&quot;:&quot;bt_bb_top_spacing_35&quot;,&quot;xxl&quot;:&quot;35&quot;,&quot;xl&quot;:&quot;35&quot;},&quot;bt_bb_bottom_spacing_&quot;:{&quot;current_class&quot;:&quot;bt_bb_bottom_spacing_35&quot;,&quot;xxl&quot;:&quot;35&quot;,&quot;xl&quot;:&quot;35&quot;}}\"><div class=\"bt_bb_port\"><div class=\"bt_bb_cell\"><div class=\"bt_bb_cell_inner\"><div class=\"bt_bb_row \"  data-bt-override-class=\"{}\"><div class=\"bt_bb_row_holder\" ><div  class=\"bt_bb_column col-xxl-12 col-xl-12 col-xs-12 col-sm-12 col-md-12 col-lg-12 bt_bb_vertical_align_top bt_bb_align_left bt_bb_padding_normal bt_bb_animation_fade_in animate\"  data-width=\"12\" data-bt-override-class=\"{}\"><div class=\"bt_bb_column_content\"><div class=\"bt_bb_column_content_inner\"><\/div><\/div><\/div><\/div><\/div><\/div><!-- cell_inner --><\/div><!-- cell --><\/div><!-- port --><\/section><section id=\"bt_bb_section69e23779087e9\" class=\"bt_bb_section bt_bb_color_scheme_1 bt_bb_layout_boxed_1200 bt_bb_vertical_align_top bt_bb_background_overlay_dark_solid bt_bb_top_spacing_large bt_bb_bottom_spacing_60\" style=\"; --section-primary-color:#ffffff; --section-secondary-color:#000000;;background-color:#ffffff;\" data-bt-override-class=\"{&quot;bt_bb_top_spacing_&quot;:{&quot;current_class&quot;:&quot;bt_bb_top_spacing_large&quot;,&quot;xxl&quot;:&quot;large&quot;,&quot;xl&quot;:&quot;large&quot;},&quot;bt_bb_bottom_spacing_&quot;:{&quot;current_class&quot;:&quot;bt_bb_bottom_spacing_60&quot;,&quot;xxl&quot;:&quot;60&quot;,&quot;xl&quot;:&quot;60&quot;}}\"><div class=\"bt_bb_background_image_holder_wrapper\"><div class=\"bt_bb_background_image_holder btLazyLoadBackground bt_bb_parallax\"  data-background_image_src=\"https:\/\/botekcorp.com\/wp-content\/uploads\/2022\/04\/pexels-david-mcbee-392031.jpg\" data-parallax=\"0.6\" data-parallax-offset=\"0\" data-parallax-zoom-start=\"1\" data-parallax-zoom-end=\"1\" data-parallax-blur-start=\"0\" data-parallax-blur-end=\"0\" data-parallax-opacity-start=\"1\" data-parallax-opacity-end=\"1\" style=\" background-image: url(&#039;https:\/\/botekcorp.com\/wp-content\/plugins\/bold-page-builder\/img\/blank.gif&#039;);\"><\/div><\/div><div class=\"bt_bb_port\"><div class=\"bt_bb_cell\"><div class=\"bt_bb_cell_inner\"><div class=\"bt_bb_row \"  data-bt-override-class=\"{}\"><div class=\"bt_bb_row_holder\" ><div  class=\"bt_bb_column col-xxl-6 col-xl-6 bt_bb_vertical_align_top bt_bb_align_left bt_bb_padding_normal bt_bb_animation_fade_in animate\"  data-width=\"6\" data-bt-override-class=\"{}\"><div class=\"bt_bb_column_content\"><div class=\"bt_bb_column_content_inner\"><header class=\"bt_bb_headline bt_bb_dash_none bt_bb_size_large bt_bb_align_inherit\" data-bt-override-class=\"{}\"><h2 class=\"bt_bb_headline_tag\"><span class=\"bt_bb_headline_content\"><span>Beraber harika i\u015fler <u>yapal\u0131m<\/u><\/span><\/span><\/h2><\/header><div class=\"bt_bb_separator bt_bb_border_style_none bt_bb_bottom_spacing_medium\" data-bt-override-class=\"null\"><\/div><\/div><\/div><\/div><div  class=\"bt_bb_column col-xxl-6 col-xl-6 bt_bb_vertical_align_top bt_bb_align_left bt_bb_padding_normal\"  data-width=\"6\" data-bt-override-class=\"{}\"><div class=\"bt_bb_column_content\"><div class=\"bt_bb_column_content_inner\"><div class=\"bt_bb_separator bt_bb_border_style_none bt_bb_top_spacing_ bt_bb_bottom_spacing_normal\" data-bt-override-class=\"{&quot;bt_bb_top_spacing_&quot;:{&quot;current_class&quot;:&quot;bt_bb_top_spacing_&quot;,&quot;xxl&quot;:&quot;&quot;,&quot;xl&quot;:&quot;&quot;},&quot;bt_bb_bottom_spacing_&quot;:{&quot;current_class&quot;:&quot;bt_bb_bottom_spacing_normal&quot;,&quot;xxl&quot;:&quot;normal&quot;,&quot;xl&quot;:&quot;normal&quot;}}\"><\/div><div class=\"bt_bb_button bt_bb_color_scheme_1 bt_bb_icon_position_left bt_bb_style_outline bt_bb_size_large bt_bb_width_inline bt_bb_shape_inherit bt_bb_target_self bt_bb_align_right\" style=\"; --primary-color:#ffffff; --secondary-color:#000000;\" data-bt-override-class=\"{&quot;bt_bb_size_&quot;:{&quot;current_class&quot;:&quot;bt_bb_size_large&quot;,&quot;xxl&quot;:&quot;large&quot;,&quot;xl&quot;:&quot;large&quot;},&quot;bt_bb_align_&quot;:{&quot;current_class&quot;:&quot;bt_bb_align_right&quot;,&quot;xxl&quot;:&quot;right&quot;,&quot;xl&quot;:&quot;right&quot;}}\"><a href=\"https:\/\/botekcorp.com\/tr\/iletisim\/\" target=\"_self\" class=\"bt_bb_link\" title=\"\u0130leti\u015fim\"><span class=\"bt_bb_button_text\" >\u0130leti\u015fim<\/span><\/a><\/div><\/div><\/div><\/div><\/div><\/div><\/div><!-- cell_inner --><\/div><!-- cell --><\/div><!-- port --><\/section>","protected":false},"excerpt":{"rendered":"","protected":false},"author":1,"featured_media":1964,"parent":2196,"menu_order":0,"comment_status":"closed","ping_status":"closed","template":"","meta":{"footnotes":""},"class_list":["post-2211","page","type-page","status-publish","has-post-thumbnail","hentry"],"_links":{"self":[{"href":"https:\/\/botekcorp.com\/tr\/wp-json\/wp\/v2\/pages\/2211","targetHints":{"allow":["GET"]}}],"collection":[{"href":"https:\/\/botekcorp.com\/tr\/wp-json\/wp\/v2\/pages"}],"about":[{"href":"https:\/\/botekcorp.com\/tr\/wp-json\/wp\/v2\/types\/page"}],"author":[{"embeddable":true,"href":"https:\/\/botekcorp.com\/tr\/wp-json\/wp\/v2\/users\/1"}],"replies":[{"embeddable":true,"href":"https:\/\/botekcorp.com\/tr\/wp-json\/wp\/v2\/comments?post=2211"}],"version-history":[{"count":2,"href":"https:\/\/botekcorp.com\/tr\/wp-json\/wp\/v2\/pages\/2211\/revisions"}],"predecessor-version":[{"id":2213,"href":"https:\/\/botekcorp.com\/tr\/wp-json\/wp\/v2\/pages\/2211\/revisions\/2213"}],"up":[{"embeddable":true,"href":"https:\/\/botekcorp.com\/tr\/wp-json\/wp\/v2\/pages\/2196"}],"wp:featuredmedia":[{"embeddable":true,"href":"https:\/\/botekcorp.com\/tr\/wp-json\/wp\/v2\/media\/1964"}],"wp:attachment":[{"href":"https:\/\/botekcorp.com\/tr\/wp-json\/wp\/v2\/media?parent=2211"}],"curies":[{"name":"wp","href":"https:\/\/api.w.org\/{rel}","templated":true}]}}